{"id":15703,"date":"2025-06-23T11:58:58","date_gmt":"2025-06-23T11:58:58","guid":{"rendered":"http:\/\/versalogic.ro\/?page_id=15703"},"modified":"2026-05-10T13:50:23","modified_gmt":"2026-05-10T13:50:23","slug":"proiectare-consultanta","status":"publish","type":"page","link":"https:\/\/versalogic.ro\/en\/proiectare-consultanta\/","title":{"rendered":"Engineering &amp; Consulting"},"content":{"rendered":"<div data-elementor-type=\"wp-page\" data-elementor-id=\"15703\" class=\"elementor elementor-15703\">\n\t\t\t\t<div class=\"wd-negative-gap elementor-element elementor-element-17360ae e-flex e-con-boxed e-con e-parent\" data-id=\"17360ae\" data-element_type=\"container\" data-e-type=\"container\">\n\t\t\t\t\t<div class=\"e-con-inner\">\n\t\t<div class=\"elementor-element elementor-element-005ffb9 e-con-full e-flex e-con e-child\" data-id=\"005ffb9\" data-element_type=\"container\" data-e-type=\"container\">\n\t\t<div class=\"elementor-element elementor-element-b443e6d e-con-full e-flex e-con e-child\" data-id=\"b443e6d\" data-element_type=\"container\" data-e-type=\"container\">\n\t\t<div class=\"elementor-element elementor-element-0e73857 e-con-full e-flex e-con e-child\" data-id=\"0e73857\" data-element_type=\"container\" data-e-type=\"container\">\n\t\t<div class=\"elementor-element elementor-element-fa311c8 e-con-full e-flex e-con e-child\" data-id=\"fa311c8\" data-element_type=\"container\" data-e-type=\"container\">\n\t\t<div class=\"elementor-element elementor-element-be615a9 e-con-full e-flex e-con e-child\" data-id=\"be615a9\" data-element_type=\"container\" data-e-type=\"container\">\n\t\t\t\t<div class=\"elementor-element elementor-element-3d8350f elementor-widget elementor-widget-wd_image_or_svg\" data-id=\"3d8350f\" data-element_type=\"widget\" data-e-type=\"widget\" data-widget_type=\"wd_image_or_svg.default\">\n\t\t\t\t<div class=\"elementor-widget-container\">\n\t\t\t\t\t\n\t\t<div class=\"wd-image text-left\">\n\t\t\t\t\t\t\t\t<img fetchpriority=\"high\" decoding=\"async\" width=\"1024\" height=\"768\" src=\"https:\/\/versalogic.ro\/wp-content\/uploads\/2025\/06\/10045-dsf6392web.jpg\" class=\"attachment-1536x1536 size-1536x1536\" alt=\"Electrical engineering and consulting \u2014 design of electrical installations for buildings\" srcset=\"https:\/\/versalogic.ro\/wp-content\/uploads\/2025\/06\/10045-dsf6392web.jpg 1024w, https:\/\/versalogic.ro\/wp-content\/uploads\/2025\/06\/10045-dsf6392web-400x300.jpg 400w, https:\/\/versalogic.ro\/wp-content\/uploads\/2025\/06\/10045-dsf6392web-768x576.jpg 768w\" sizes=\"(max-width: 1024px) 100vw, 1024px\" \/>\t\t\t\t\t<\/div>\n\n\t\t\t\t\t\t<\/div>\n\t\t\t\t<\/div>\n\t\t\t\t<\/div>\n\t\t<div class=\"elementor-element elementor-element-bb1d4a7 e-con-full e-flex e-con e-child\" data-id=\"bb1d4a7\" data-element_type=\"container\" data-e-type=\"container\">\n\t\t\t\t<div class=\"elementor-element elementor-element-2228fd4 elementor-widget__width-initial wd-width-100 elementor-widget elementor-widget-wd_title\" data-id=\"2228fd4\" data-element_type=\"widget\" data-e-type=\"widget\" data-widget_type=\"wd_title.default\">\n\t\t\t\t<div class=\"elementor-widget-container\">\n\t\t\t\t\t\t\t\t<link rel=\"stylesheet\" id=\"wd-section-title-css\" href=\"https:\/\/versalogic.ro\/wp-content\/themes\/woodmart\/css\/parts\/el-section-title.min.css?ver=7.6.0\" type=\"text\/css\" media=\"all\" \/> \t\t\t\t\t<div class=\"title-wrapper set-mb-s reset-last-child wd-title-color-primary wd-title-style-default wd-title-size-large text-left\">\n\n\t\t\t\t\t\t\t<div class=\"title-subtitle subtitle-color-primary subtitle-style-default wd-fontsize-xs\">\n\t\t\t\t\tVersalogic\t\t\t\t<\/div>\n\t\t\t\n\t\t\t<div class=\"liner-continer\">\n\t\t\t\t<h2 class=\"woodmart-title-container title wd-fontsize-xxl\">High-quality technical design for efficient and safe installations<\/h2> \n\t\t\t\t\t\t\t<\/div>\n\n\t\t\t\t\t\t\t<div class=\"title-after_title set-cont-mb-s reset-last-child wd-fontsize-s\">\n\t\t\t\t\t<p><strong>Consulting, planning and customized solutions for electrical and low-voltage systems, compliant with the strictest standards<\/strong><\/p>\t\t\t\t<\/div>\n\t\t\t\t\t<\/div>\n\t\t\t\t\t\t<\/div>\n\t\t\t\t<\/div>\n\t\t\t\t<div class=\"elementor-element elementor-element-65072bf elementor-widget elementor-widget-wd_text_block\" data-id=\"65072bf\" data-element_type=\"widget\" data-e-type=\"widget\" data-widget_type=\"wd_text_block.default\">\n\t\t\t\t<div class=\"elementor-widget-container\">\n\t\t\t\t\t\t\t\t<link rel=\"stylesheet\" id=\"wd-text-block-css\" href=\"https:\/\/versalogic.ro\/wp-content\/themes\/woodmart\/css\/parts\/el-text-block.min.css?ver=7.6.0\" type=\"text\/css\" media=\"all\" \/> \t\t\t\t\t<div class=\"wd-text-block reset-last-child text-left\">\n\t\t\t\n\t\t\t<p>We analyze, design and plan efficiently<br \/>We provide complete engineering and technical consulting services for electrical systems and low-voltage installations. Our projects comply with the strictest safety standards and are tailored to the specific requirements of each client.<\/p><p>Services include:<\/p><p>Feasibility studies and technical solutions<\/p><p>Electrical installation design (low and medium voltage)<\/p><p>Design of detection, alarm, access control and surveillance systems<\/p><p>Permits and complete technical documentation<\/p><p>We work alongside architects, developers and beneficiaries to optimize every stage of the project.<\/p>\n\t\t\t\t\t<\/div>\n\t\t\t\t\t\t<\/div>\n\t\t\t\t<\/div>\n\t\t\t\t<\/div>\n\t\t\t\t<\/div>\n\t\t\t\t<\/div>\n\t\t\t\t<\/div>\n\t\t\t\t<\/div>\n\t\t\t\t\t<\/div>\n\t\t\t\t<\/div>\n\t\t<div class=\"wd-negative-gap elementor-element elementor-element-38ccd84 e-flex e-con-boxed e-con e-parent\" data-id=\"38ccd84\" data-element_type=\"container\" data-e-type=\"container\">\n\t\t\t\t\t<div class=\"e-con-inner\">\n\t\t<div class=\"elementor-element elementor-element-b96cd85 e-con-full e-flex e-con e-child\" data-id=\"b96cd85\" data-element_type=\"container\" data-e-type=\"container\">\n\t\t<div class=\"elementor-element elementor-element-0699e22 e-con-full e-flex e-con e-child\" data-id=\"0699e22\" data-element_type=\"container\" data-e-type=\"container\">\n\t\t\t\t<div class=\"elementor-element elementor-element-edf8314 elementor-widget elementor-widget-spacer\" data-id=\"edf8314\" data-element_type=\"widget\" data-e-type=\"widget\" data-widget_type=\"spacer.default\">\n\t\t\t\t<div class=\"elementor-widget-container\">\n\t\t\t\t\t\t\t<div class=\"elementor-spacer\">\n\t\t\t<div class=\"elementor-spacer-inner\"><\/div>\n\t\t<\/div>\n\t\t\t\t\t\t<\/div>\n\t\t\t\t<\/div>\n\t\t\t\t<div class=\"elementor-element elementor-element-44524b6 elementor-widget elementor-widget-wd_image_or_svg\" data-id=\"44524b6\" data-element_type=\"widget\" data-e-type=\"widget\" data-widget_type=\"wd_image_or_svg.default\">\n\t\t\t\t<div class=\"elementor-widget-container\">\n\t\t\t\t\t\n\t\t<div class=\"wd-image text-center\">\n\t\t\t\t\t\t\t\t<img decoding=\"async\" width=\"2560\" height=\"1440\" src=\"https:\/\/versalogic.ro\/wp-content\/uploads\/2025\/06\/close-up-rate-charts-papers-with-analysis-information-desk-man-woman-looking-files-plan-project-presentation-startup-office-colleagues-doing-teamwork-strategy-scaled.jpg\" class=\"attachment-full size-full\" alt=\"Engineering team reviewing electrical project plans and analysis charts\" srcset=\"https:\/\/versalogic.ro\/wp-content\/uploads\/2025\/06\/close-up-rate-charts-papers-with-analysis-information-desk-man-woman-looking-files-plan-project-presentation-startup-office-colleagues-doing-teamwork-strategy-scaled.jpg 2560w, https:\/\/versalogic.ro\/wp-content\/uploads\/2025\/06\/close-up-rate-charts-papers-with-analysis-information-desk-man-woman-looking-files-plan-project-presentation-startup-office-colleagues-doing-teamwork-strategy-400x225.jpg 400w, https:\/\/versalogic.ro\/wp-content\/uploads\/2025\/06\/close-up-rate-charts-papers-with-analysis-information-desk-man-woman-looking-files-plan-project-presentation-startup-office-colleagues-doing-teamwork-strategy-1300x731.jpg 1300w, https:\/\/versalogic.ro\/wp-content\/uploads\/2025\/06\/close-up-rate-charts-papers-with-analysis-information-desk-man-woman-looking-files-plan-project-presentation-startup-office-colleagues-doing-teamwork-strategy-768x432.jpg 768w\" sizes=\"(max-width: 2560px) 100vw, 2560px\" \/>\t\t\t\t\t<\/div>\n\n\t\t\t\t\t\t<\/div>\n\t\t\t\t<\/div>\n\t\t\t\t<\/div>\n\t\t<div class=\"elementor-element elementor-element-1aff915 e-con-full e-flex e-con e-child\" data-id=\"1aff915\" data-element_type=\"container\" data-e-type=\"container\">\n\t\t\t\t<div class=\"elementor-element elementor-element-f4378f5 wd-width-100 elementor-widget elementor-widget-wd_title\" data-id=\"f4378f5\" data-element_type=\"widget\" data-e-type=\"widget\" data-widget_type=\"wd_title.default\">\n\t\t\t\t<div class=\"elementor-widget-container\">\n\t\t\t\t\t\t\t<div class=\"title-wrapper set-mb-s reset-last-child wd-title-color-primary wd-title-style-default wd-title-size-default text-left\">\n\n\t\t\t\t\t\t\t<div class=\"title-subtitle subtitle-color-primary subtitle-style-default wd-fontsize-xs\">\n\t\t\t\t\tIntelligent solutions for safety and efficiency.\t\t\t\t<\/div>\n\t\t\t\n\t\t\t<div class=\"liner-continer\">\n\t\t\t\t<h2 class=\"woodmart-title-container title wd-fontsize-l\">Versalogic \u2013 Your partner in automation and security<\/h2> \n\t\t\t\t\t\t\t<\/div>\n\n\t\t\t\t\t<\/div>\n\t\t\t\t\t\t<\/div>\n\t\t\t\t<\/div>\n\t\t\t\t<div class=\"elementor-element elementor-element-c8a4b44 elementor-widget elementor-widget-wd_text_block\" data-id=\"c8a4b44\" data-element_type=\"widget\" data-e-type=\"widget\" data-widget_type=\"wd_text_block.default\">\n\t\t\t\t<div class=\"elementor-widget-container\">\n\t\t\t\t\t\t\t<div class=\"wd-text-block reset-last-child text-left\">\n\t\t\t\n\t\t\t<p>Technology that protects, connects and optimizes.<br \/>At Versalogic, we deliver complete solutions for safety, automation and intelligent infrastructure. We provide design, execution and maintenance for electrical installations and low-voltage systems, tailored to modern buildings and current technical requirements.<br \/>\ud83d\udccc Solutions for offices, commercial spaces, industrial sites and public institutions.<br \/>\ud83d\udd27 Local expertise, international standards.<\/p>\n\t\t\t\t\t<\/div>\n\t\t\t\t\t\t<\/div>\n\t\t\t\t<\/div>\n\t\t\t\t<div class=\"elementor-element elementor-element-17d00c5 elementor-widget elementor-widget-wd_button\" data-id=\"17d00c5\" data-element_type=\"widget\" data-e-type=\"widget\" data-widget_type=\"wd_button.default\">\n\t\t\t\t<div class=\"elementor-widget-container\">\n\t\t\t\t\t\t\t<div class=\"wd-button-wrapper text-left\" >\n\t\t\t<a class=\"btn btn-style-default btn-style-rectangle btn-size-default btn-color-primary btn-icon-pos-right\"  href=\"\/en\/contact\/\">\n\t\t\t\t<span class=\"wd-btn-text\" data-elementor-setting-key=\"text\">\n\t\t\t\t\tGet a Quote\t\t\t\t<\/span>\n\n\t\t\t\t\t\t\t<\/a>\n\t\t<\/div>\n\t\t\t\t\t\t<\/div>\n\t\t\t\t<\/div>\n\t\t\t\t<\/div>\n\t\t\t\t<\/div>\n\t\t\t\t\t<\/div>\n\t\t\t\t<\/div>\n\t\t\t\t<\/div>","protected":false},"excerpt":{"rendered":"<p>Versalogic Proiectare tehnic\u0103 de \u00eenalt\u0103 calitate pentru instala\u021bii eficiente \u0219i sigure Consultan\u021b\u0103, planificare \u0219i solu\u021bii personalizate pentru sisteme electrice \u0219i<\/p>","protected":false},"author":1,"featured_media":0,"parent":0,"menu_order":0,"comment_status":"closed","ping_status":"closed","template":"","meta":{"footnotes":""},"class_list":["post-15703","page","type-page","status-publish","hentry"],"_links":{"self":[{"href":"https:\/\/versalogic.ro\/en\/wp-json\/wp\/v2\/pages\/15703","targetHints":{"allow":["GET"]}}],"collection":[{"href":"https:\/\/versalogic.ro\/en\/wp-json\/wp\/v2\/pages"}],"about":[{"href":"https:\/\/versalogic.ro\/en\/wp-json\/wp\/v2\/types\/page"}],"author":[{"embeddable":true,"href":"https:\/\/versalogic.ro\/en\/wp-json\/wp\/v2\/users\/1"}],"replies":[{"embeddable":true,"href":"https:\/\/versalogic.ro\/en\/wp-json\/wp\/v2\/comments?post=15703"}],"version-history":[{"count":15,"href":"https:\/\/versalogic.ro\/en\/wp-json\/wp\/v2\/pages\/15703\/revisions"}],"predecessor-version":[{"id":15975,"href":"https:\/\/versalogic.ro\/en\/wp-json\/wp\/v2\/pages\/15703\/revisions\/15975"}],"wp:attachment":[{"href":"https:\/\/versalogic.ro\/en\/wp-json\/wp\/v2\/media?parent=15703"}],"curies":[{"name":"wp","href":"https:\/\/api.w.org\/{rel}","templated":true}]}}