{"id":15670,"date":"2025-06-23T11:37:10","date_gmt":"2025-06-23T11:37:10","guid":{"rendered":"http:\/\/versalogic.ro\/?page_id=15670"},"modified":"2026-05-10T13:52:02","modified_gmt":"2026-05-10T13:52:02","slug":"mentenanta-instalatii-electrice","status":"publish","type":"page","link":"https:\/\/versalogic.ro\/en\/mentenanta-instalatii-electrice\/","title":{"rendered":"Maintenance &amp; Technical Support"},"content":{"rendered":"<div data-elementor-type=\"wp-page\" data-elementor-id=\"15670\" class=\"elementor elementor-15670\">\n\t\t\t\t<div class=\"wd-negative-gap elementor-element elementor-element-658475f e-flex e-con-boxed e-con e-parent\" data-id=\"658475f\" data-element_type=\"container\" data-e-type=\"container\">\n\t\t\t\t\t<div class=\"e-con-inner\">\n\t\t<div class=\"elementor-element elementor-element-9700b53 e-con-full e-flex e-con e-child\" data-id=\"9700b53\" data-element_type=\"container\" data-e-type=\"container\">\n\t\t\t\t<div class=\"elementor-element elementor-element-26b7a32 elementor-widget-divider--view-line elementor-widget elementor-widget-divider\" data-id=\"26b7a32\" data-element_type=\"widget\" data-e-type=\"widget\" data-widget_type=\"divider.default\">\n\t\t\t\t<div class=\"elementor-widget-container\">\n\t\t\t\t\t\t\t<div class=\"elementor-divider\">\n\t\t\t<span class=\"elementor-divider-separator\">\n\t\t\t\t\t\t<\/span>\n\t\t<\/div>\n\t\t\t\t\t\t<\/div>\n\t\t\t\t<\/div>\n\t\t<div class=\"elementor-element elementor-element-ef9c52b e-con-full e-flex e-con e-child\" data-id=\"ef9c52b\" data-element_type=\"container\" data-e-type=\"container\">\n\t\t<div class=\"elementor-element elementor-element-d6f4e43 e-con-full e-flex e-con e-child\" data-id=\"d6f4e43\" data-element_type=\"container\" data-e-type=\"container\">\n\t\t\t\t<div class=\"elementor-element elementor-element-87781b7 elementor-widget elementor-widget-wd_image_or_svg\" data-id=\"87781b7\" data-element_type=\"widget\" data-e-type=\"widget\" data-widget_type=\"wd_image_or_svg.default\">\n\t\t\t\t<div class=\"elementor-widget-container\">\n\t\t\t\t\t\n\t\t<div class=\"wd-image text-left\">\n\t\t\t\t\t\t\t\t<img fetchpriority=\"high\" decoding=\"async\" width=\"800\" height=\"600\" src=\"https:\/\/versalogic.ro\/wp-content\/uploads\/2025\/06\/10100-04-workday-ture-lina45-s-.jpg\" class=\"attachment-1536x1536 size-1536x1536\" alt=\"Maintenance of electrical installations \u2014 preventive and corrective electrical service\" srcset=\"https:\/\/versalogic.ro\/wp-content\/uploads\/2025\/06\/10100-04-workday-ture-lina45-s-.jpg 800w, https:\/\/versalogic.ro\/wp-content\/uploads\/2025\/06\/10100-04-workday-ture-lina45-s--400x300.jpg 400w, https:\/\/versalogic.ro\/wp-content\/uploads\/2025\/06\/10100-04-workday-ture-lina45-s--768x576.jpg 768w\" sizes=\"(max-width: 800px) 100vw, 800px\" \/>\t\t\t\t\t<\/div>\n\n\t\t\t\t\t\t<\/div>\n\t\t\t\t<\/div>\n\t\t\t\t<\/div>\n\t\t<div class=\"elementor-element elementor-element-8d2b3db e-con-full e-flex e-con e-child\" data-id=\"8d2b3db\" data-element_type=\"container\" data-e-type=\"container\">\n\t\t\t\t<div class=\"elementor-element elementor-element-710cecf elementor-widget__width-initial wd-width-100 elementor-widget elementor-widget-wd_title\" data-id=\"710cecf\" data-element_type=\"widget\" data-e-type=\"widget\" data-widget_type=\"wd_title.default\">\n\t\t\t\t<div class=\"elementor-widget-container\">\n\t\t\t\t\t\t\t\t<link rel=\"stylesheet\" id=\"wd-section-title-css\" href=\"https:\/\/versalogic.ro\/wp-content\/themes\/woodmart\/css\/parts\/el-section-title.min.css?ver=7.6.0\" type=\"text\/css\" media=\"all\" \/> \t\t\t\t\t<div class=\"title-wrapper set-mb-s reset-last-child wd-title-color-primary wd-title-style-default wd-title-size-large text-left\">\n\n\t\t\t\t\t\t\t<div class=\"title-subtitle subtitle-color-primary subtitle-style-default wd-fontsize-xs\">\n\t\t\t\t\tVersalogic\t\t\t\t<\/div>\n\t\t\t\n\t\t\t<div class=\"liner-continer\">\n\t\t\t\t<h2 class=\"woodmart-title-container title wd-fontsize-xxl\">We offer complete services for installations<\/h2> \n\t\t\t\t\t\t\t<\/div>\n\n\t\t\t\t\t\t\t<div class=\"title-after_title set-cont-mb-s reset-last-child wd-fontsize-s\">\n\t\t\t\t\t<p><strong>Interven\u021bii rapide, mentenan\u021b\u0103, revizii \u0219i suport dedicat pentru siguran\u021b\u0103 \u0219i eficien\u021b\u0103 continu\u0103<\/strong><\/p>\t\t\t\t<\/div>\n\t\t\t\t\t<\/div>\n\t\t\t\t\t\t<\/div>\n\t\t\t\t<\/div>\n\t\t\t\t<div class=\"elementor-element elementor-element-0dd3c7e elementor-widget elementor-widget-wd_text_block\" data-id=\"0dd3c7e\" data-element_type=\"widget\" data-e-type=\"widget\" data-widget_type=\"wd_text_block.default\">\n\t\t\t\t<div class=\"elementor-widget-container\">\n\t\t\t\t\t\t\t\t<link rel=\"stylesheet\" id=\"wd-text-block-css\" href=\"https:\/\/versalogic.ro\/wp-content\/themes\/woodmart\/css\/parts\/el-text-block.min.css?ver=7.6.0\" type=\"text\/css\" media=\"all\" \/> \t\t\t\t\t<div class=\"wd-text-block reset-last-child text-left\">\n\t\t\t\n\t\t\t<p>We ensure optimal operation of your systems<br \/>Every system we implement benefits from dedicated technical support and periodic maintenance, to ensure continuous performance and risk prevention.<\/p><p>We offer:<\/p><p>Fast on-site interventions<\/p><p>Preventive and corrective maintenance contracts<\/p><p>Technical reviews and periodic inspections<\/p><p>Phone and remote support<\/p><p>We maintain the safety and efficiency of installations through constant monitoring and prompt interventions.<\/p>\n\t\t\t\t\t<\/div>\n\t\t\t\t\t\t<\/div>\n\t\t\t\t<\/div>\n\t\t\t\t<\/div>\n\t\t\t\t<\/div>\n\t\t\t\t<\/div>\n\t\t\t\t\t<\/div>\n\t\t\t\t<\/div>\n\t\t<div class=\"wd-negative-gap elementor-element elementor-element-bb477bb e-flex e-con-boxed e-con e-parent\" data-id=\"bb477bb\" data-element_type=\"container\" data-e-type=\"container\">\n\t\t\t\t\t<div class=\"e-con-inner\">\n\t\t<div class=\"elementor-element elementor-element-855945d e-con-full e-flex e-con e-child\" data-id=\"855945d\" data-element_type=\"container\" data-e-type=\"container\">\n\t\t<div class=\"elementor-element elementor-element-95a42b8 e-con-full e-flex e-con e-child\" data-id=\"95a42b8\" data-element_type=\"container\" data-e-type=\"container\">\n\t\t\t\t<div class=\"elementor-element elementor-element-8e125af elementor-widget elementor-widget-spacer\" data-id=\"8e125af\" data-element_type=\"widget\" data-e-type=\"widget\" data-widget_type=\"spacer.default\">\n\t\t\t\t<div class=\"elementor-widget-container\">\n\t\t\t\t\t\t\t<div class=\"elementor-spacer\">\n\t\t\t<div class=\"elementor-spacer-inner\"><\/div>\n\t\t<\/div>\n\t\t\t\t\t\t<\/div>\n\t\t\t\t<\/div>\n\t\t\t\t<div class=\"elementor-element elementor-element-0891fac elementor-widget elementor-widget-wd_image_or_svg\" data-id=\"0891fac\" data-element_type=\"widget\" data-e-type=\"widget\" data-widget_type=\"wd_image_or_svg.default\">\n\t\t\t\t<div class=\"elementor-widget-container\">\n\t\t\t\t\t\n\t\t<div class=\"wd-image text-center\">\n\t\t\t\t\t\t\t\t<img decoding=\"async\" width=\"2560\" height=\"1440\" src=\"https:\/\/versalogic.ro\/wp-content\/uploads\/2025\/06\/close-up-rate-charts-papers-with-analysis-information-desk-man-woman-looking-files-plan-project-presentation-startup-office-colleagues-doing-teamwork-strategy-scaled.jpg\" class=\"attachment-full size-full\" alt=\"Engineering team reviewing electrical project plans and analysis charts\" srcset=\"https:\/\/versalogic.ro\/wp-content\/uploads\/2025\/06\/close-up-rate-charts-papers-with-analysis-information-desk-man-woman-looking-files-plan-project-presentation-startup-office-colleagues-doing-teamwork-strategy-scaled.jpg 2560w, https:\/\/versalogic.ro\/wp-content\/uploads\/2025\/06\/close-up-rate-charts-papers-with-analysis-information-desk-man-woman-looking-files-plan-project-presentation-startup-office-colleagues-doing-teamwork-strategy-400x225.jpg 400w, https:\/\/versalogic.ro\/wp-content\/uploads\/2025\/06\/close-up-rate-charts-papers-with-analysis-information-desk-man-woman-looking-files-plan-project-presentation-startup-office-colleagues-doing-teamwork-strategy-1300x731.jpg 1300w, https:\/\/versalogic.ro\/wp-content\/uploads\/2025\/06\/close-up-rate-charts-papers-with-analysis-information-desk-man-woman-looking-files-plan-project-presentation-startup-office-colleagues-doing-teamwork-strategy-768x432.jpg 768w\" sizes=\"(max-width: 2560px) 100vw, 2560px\" \/>\t\t\t\t\t<\/div>\n\n\t\t\t\t\t\t<\/div>\n\t\t\t\t<\/div>\n\t\t\t\t<\/div>\n\t\t<div class=\"elementor-element elementor-element-b43a848 e-con-full e-flex e-con e-child\" data-id=\"b43a848\" data-element_type=\"container\" data-e-type=\"container\">\n\t\t\t\t<div class=\"elementor-element elementor-element-4e84dfe wd-width-100 elementor-widget elementor-widget-wd_title\" data-id=\"4e84dfe\" data-element_type=\"widget\" data-e-type=\"widget\" data-widget_type=\"wd_title.default\">\n\t\t\t\t<div class=\"elementor-widget-container\">\n\t\t\t\t\t\t\t<div class=\"title-wrapper set-mb-s reset-last-child wd-title-color-primary wd-title-style-default wd-title-size-default text-left\">\n\n\t\t\t\t\t\t\t<div class=\"title-subtitle subtitle-color-primary subtitle-style-default wd-fontsize-xs\">\n\t\t\t\t\tIntelligent solutions for safety and efficiency.\t\t\t\t<\/div>\n\t\t\t\n\t\t\t<div class=\"liner-continer\">\n\t\t\t\t<h2 class=\"woodmart-title-container title wd-fontsize-l\">Versalogic \u2013 Your partner in automation and security<\/h2> \n\t\t\t\t\t\t\t<\/div>\n\n\t\t\t\t\t<\/div>\n\t\t\t\t\t\t<\/div>\n\t\t\t\t<\/div>\n\t\t\t\t<div class=\"elementor-element elementor-element-20b3e1b elementor-widget elementor-widget-wd_text_block\" data-id=\"20b3e1b\" data-element_type=\"widget\" data-e-type=\"widget\" data-widget_type=\"wd_text_block.default\">\n\t\t\t\t<div class=\"elementor-widget-container\">\n\t\t\t\t\t\t\t<div class=\"wd-text-block reset-last-child text-left\">\n\t\t\t\n\t\t\t<p>Technology that protects, connects and optimizes.<br \/>At Versalogic, we deliver complete solutions for safety, automation and intelligent infrastructure. We provide design, execution and maintenance for electrical installations and low-voltage systems, tailored to modern buildings and current technical requirements.<br \/>\ud83d\udccc Solutions for offices, commercial spaces, industrial sites and public institutions.<br \/>\ud83d\udd27 Local expertise, international standards.<\/p>\n\t\t\t\t\t<\/div>\n\t\t\t\t\t\t<\/div>\n\t\t\t\t<\/div>\n\t\t\t\t<div class=\"elementor-element elementor-element-8c205dc elementor-widget elementor-widget-wd_button\" data-id=\"8c205dc\" data-element_type=\"widget\" data-e-type=\"widget\" data-widget_type=\"wd_button.default\">\n\t\t\t\t<div class=\"elementor-widget-container\">\n\t\t\t\t\t\t\t<div class=\"wd-button-wrapper text-left\" >\n\t\t\t<a class=\"btn btn-style-default btn-style-rectangle btn-size-default btn-color-primary btn-icon-pos-right\"  href=\"\/en\/contact\/\">\n\t\t\t\t<span class=\"wd-btn-text\" data-elementor-setting-key=\"text\">\n\t\t\t\t\tGet a Quote\t\t\t\t<\/span>\n\n\t\t\t\t\t\t\t<\/a>\n\t\t<\/div>\n\t\t\t\t\t\t<\/div>\n\t\t\t\t<\/div>\n\t\t\t\t<\/div>\n\t\t\t\t<\/div>\n\t\t\t\t\t<\/div>\n\t\t\t\t<\/div>\n\t\t\t\t<\/div>","protected":false},"excerpt":{"rendered":"<p>Versalogic Oferim servicii complete pentru instala\u021bii Interven\u021bii rapide, mentenan\u021b\u0103, revizii \u0219i suport dedicat pentru siguran\u021b\u0103 \u0219i eficien\u021b\u0103 continu\u0103 Asigur\u0103m func\u021bionarea<\/p>","protected":false},"author":1,"featured_media":0,"parent":0,"menu_order":0,"comment_status":"closed","ping_status":"closed","template":"","meta":{"footnotes":""},"class_list":["post-15670","page","type-page","status-publish","hentry"],"_links":{"self":[{"href":"https:\/\/versalogic.ro\/en\/wp-json\/wp\/v2\/pages\/15670","targetHints":{"allow":["GET"]}}],"collection":[{"href":"https:\/\/versalogic.ro\/en\/wp-json\/wp\/v2\/pages"}],"about":[{"href":"https:\/\/versalogic.ro\/en\/wp-json\/wp\/v2\/types\/page"}],"author":[{"embeddable":true,"href":"https:\/\/versalogic.ro\/en\/wp-json\/wp\/v2\/users\/1"}],"replies":[{"embeddable":true,"href":"https:\/\/versalogic.ro\/en\/wp-json\/wp\/v2\/comments?post=15670"}],"version-history":[{"count":18,"href":"https:\/\/versalogic.ro\/en\/wp-json\/wp\/v2\/pages\/15670\/revisions"}],"predecessor-version":[{"id":15978,"href":"https:\/\/versalogic.ro\/en\/wp-json\/wp\/v2\/pages\/15670\/revisions\/15978"}],"wp:attachment":[{"href":"https:\/\/versalogic.ro\/en\/wp-json\/wp\/v2\/media?parent=15670"}],"curies":[{"name":"wp","href":"https:\/\/api.w.org\/{rel}","templated":true}]}}